{"id":8122,"date":"2021-10-19T15:50:33","date_gmt":"2021-10-19T13:50:33","guid":{"rendered":"https:\/\/trade-uni.com\/widerruf\/"},"modified":"2024-06-02T11:11:24","modified_gmt":"2024-06-02T09:11:24","slug":"widerruf","status":"publish","type":"page","link":"https:\/\/trade-uni.com\/de\/widerruf\/","title":{"rendered":"Widerruf"},"content":{"rendered":"\t\t<div data-elementor-type=\"wp-page\" data-elementor-id=\"8122\" class=\"elementor elementor-8122 elementor-1634\" data-elementor-post-type=\"page\">\n\t\t\t\t\t\t<section class=\"elementor-section elementor-top-section elementor-element elementor-element-be06e32 ds-container elementor-section-boxed elementor-section-height-default elementor-section-height-default exad-glass-effect-no exad-sticky-section-no\" data-id=\"be06e32\" data-element_type=\"section\" data-e-type=\"section\" id=\"ds-container\" data-settings=\"{&quot;background_background&quot;:&quot;classic&quot;}\" dscontainer=\"\">\n\t\t\t\t\t\t\t<div class=\"elementor-background-overlay\"><\/div>\n\t\t\t\t\t\t\t<div class=\"elementor-container elementor-column-gap-default\">\n\t\t\t\t\t<div class=\"elementor-column elementor-col-100 elementor-top-column elementor-element elementor-element-73a80e2 exad-glass-effect-no exad-sticky-section-no\" data-id=\"73a80e2\" data-element_type=\"column\" data-e-type=\"column\">\n\t\t\t<div class=\"elementor-widget-wrap elementor-element-populated\">\n\t\t\t\t\t\t<section class=\"elementor-section elementor-inner-section elementor-element elementor-element-652ac27 elementor-section-boxed elementor-section-height-default elementor-section-height-default exad-glass-effect-no exad-sticky-section-no\" data-id=\"652ac27\" data-element_type=\"section\" data-e-type=\"section\">\n\t\t\t\t\t\t<div class=\"elementor-container elementor-column-gap-default\">\n\t\t\t\t\t<div class=\"elementor-column elementor-col-50 elementor-inner-column elementor-element elementor-element-443f8f5 exad-glass-effect-no exad-sticky-section-no\" data-id=\"443f8f5\" data-element_type=\"column\" data-e-type=\"column\">\n\t\t\t<div class=\"elementor-widget-wrap elementor-element-populated\">\n\t\t\t\t\t\t<div class=\"elementor-element elementor-element-a3b1f9a exad-sticky-section-no exad-glass-effect-no elementor-widget elementor-widget-heading\" data-id=\"a3b1f9a\" data-element_type=\"widget\" data-e-type=\"widget\" data-widget_type=\"heading.default\">\n\t\t\t\t<div class=\"elementor-widget-container\">\n\t\t\t\t\t<h2 class=\"elementor-heading-title elementor-size-default\">Widerrufrecht<\/h2>\t\t\t\t<\/div>\n\t\t\t\t<\/div>\n\t\t\t\t<div class=\"elementor-element elementor-element-6f254a1 exad-sticky-section-no exad-glass-effect-no elementor-widget elementor-widget-text-editor\" data-id=\"6f254a1\" data-element_type=\"widget\" data-e-type=\"widget\" data-widget_type=\"text-editor.default\">\n\t\t\t\t<div class=\"elementor-widget-container\">\n\t\t\t\t\t\t\t\t\t<p class=\"p1\">(1) Verbraucher haben bei Abschluss eines Fernabsatzgesch\u00e4fts grunds\u00e4tzlich ein gesetzliches Widerrufsrecht, \u00fcber das der Anbieter nach Ma\u00dfgabe des gesetzlichen Musters nachfolgend informiert. Die Ausnahmen vom Widerrufsrecht sind in Absatz (2) geregelt. In Absatz (3) findet sich ein Muster-Widerrufsformular.<span class=\"Apple-converted-space\">\u00a0<\/span><\/p>\n\t\t\t\t\t\t\t\t<\/div>\n\t\t\t\t<\/div>\n\t\t\t\t<div class=\"elementor-element elementor-element-2a776c3 exad-sticky-section-no exad-glass-effect-no elementor-widget elementor-widget-heading\" data-id=\"2a776c3\" data-element_type=\"widget\" data-e-type=\"widget\" data-widget_type=\"heading.default\">\n\t\t\t\t<div class=\"elementor-widget-container\">\n\t\t\t\t\t<h3 class=\"elementor-heading-title elementor-size-default\">Widerrufsbelehrung<\/h3>\t\t\t\t<\/div>\n\t\t\t\t<\/div>\n\t\t\t\t<div class=\"elementor-element elementor-element-482ea3c exad-sticky-section-no exad-glass-effect-no elementor-widget elementor-widget-heading\" data-id=\"482ea3c\" data-element_type=\"widget\" data-e-type=\"widget\" data-widget_type=\"heading.default\">\n\t\t\t\t<div class=\"elementor-widget-container\">\n\t\t\t\t\t<h4 class=\"elementor-heading-title elementor-size-default\">Widerrufsrecht<\/h4>\t\t\t\t<\/div>\n\t\t\t\t<\/div>\n\t\t\t\t<div class=\"elementor-element elementor-element-cdcca32 exad-sticky-section-no exad-glass-effect-no elementor-widget elementor-widget-text-editor\" data-id=\"cdcca32\" data-element_type=\"widget\" data-e-type=\"widget\" data-widget_type=\"text-editor.default\">\n\t\t\t\t<div class=\"elementor-widget-container\">\n\t\t\t\t\t\t\t\t\t<p class=\"p1\">Sie haben das Recht, binnen vierzehn Tagen ohne Angaben von Gr\u00fcnden diesen Vertrag zu widerrufen. Die Widerrufsfrist betr\u00e4gt vierzehn Tage ab dem Tag des Vertragsschlusses bei Dienstleistungen und beim Kauf von Waren vierzehn Tage ab Erhalt der Ware.<\/p>\n<p class=\"p1\">Um Ihr Widerrufsrecht auszu\u00fcben, m\u00fcssen Sie uns mittels einer eindeutigen Erkl\u00e4rung (z.B. ein mit der Post versandter Brief, Telefonanruf oder E-Mail) \u00fcber Ihren Entschluss, diesen Vertrag zu widerrufen, informieren. Sie k\u00f6nnen daf\u00fcr das beigef\u00fcgte Muster-Widerrufsformular verwenden, das jedoch nicht vorgeschrieben ist.<\/p>\n<p class=\"p1\">Zur Wahrung der Widerrufsfrist reicht es aus, dass Sie die Mitteilung \u00fcber die Aus\u00fcbung des Widerrufsrechts vor Ablauf der Widerrufsfrist absenden.<span class=\"Apple-converted-space\">\u00a0<\/span><\/p>\n\t\t\t\t\t\t\t\t<\/div>\n\t\t\t\t<\/div>\n\t\t\t\t<div class=\"elementor-element elementor-element-50cecd1 exad-sticky-section-no exad-glass-effect-no elementor-widget elementor-widget-heading\" data-id=\"50cecd1\" data-element_type=\"widget\" data-e-type=\"widget\" data-widget_type=\"heading.default\">\n\t\t\t\t<div class=\"elementor-widget-container\">\n\t\t\t\t\t<h4 class=\"elementor-heading-title elementor-size-default\">Folgen des Widerrufs<\/h4>\t\t\t\t<\/div>\n\t\t\t\t<\/div>\n\t\t\t\t<div class=\"elementor-element elementor-element-3e204e5 exad-sticky-section-no exad-glass-effect-no elementor-widget elementor-widget-text-editor\" data-id=\"3e204e5\" data-element_type=\"widget\" data-e-type=\"widget\" data-widget_type=\"text-editor.default\">\n\t\t\t\t<div class=\"elementor-widget-container\">\n\t\t\t\t\t\t\t\t\t<p class=\"p1\">Wenn Sie diesen Vertrag widerrufen, haben wir Ihnen alle Zahlungen, die wir von Ihnen erhalten haben, unverz\u00fcglich und sp\u00e4testens binnen vierzehn Tagen ab dem Tag zur\u00fcckzuzahlen, an dem die Mitteilung \u00fcber Ihren Widerruf dieses Vertrags bei uns eingegangen ist. F\u00fcr diese R\u00fcckzahlung verwenden wir dasselbe Zahlungsmittel, das Sie bei der urspr\u00fcnglichen Transaktion eingesetzt haben, es sei denn, mit Ihnen wurde ausdr\u00fccklich etwas anderes vereinbart; in keinem Fall werden Ihnen wegen dieser R\u00fcckzahlung Entgelte berechnet.<\/p>\n\t\t\t\t\t\t\t\t<\/div>\n\t\t\t\t<\/div>\n\t\t\t\t<div class=\"elementor-element elementor-element-f2d428c exad-sticky-section-no exad-glass-effect-no elementor-widget elementor-widget-text-editor\" data-id=\"f2d428c\" data-element_type=\"widget\" data-e-type=\"widget\" data-widget_type=\"text-editor.default\">\n\t\t\t\t<div class=\"elementor-widget-container\">\n\t\t\t\t\t\t\t\t\t<p class=\"p1\"><b>(2) Das Widerrufsrecht erlischt bei einem Vertrag \u00fcber die Lieferung von nicht auf einem k\u00f6rperlichen Datentr\u00e4ger befindlichen digitalen Inhalten auch dann, wenn der Unternehmer mit der Ausf\u00fchrung des Vertrags begonnen hat, nachdem der Verbraucher ausdr\u00fccklich zugestimmt hat, dass der Unternehmer mit der Ausf\u00fchrung des Vertrags vor Ablauf der Widerrufsfrist beginnt, und seine Kenntnis davon best\u00e4tigt hat, dass er durch seine Zustimmung mit Beginn der Ausf\u00fchrung des Vertrags sein Widerrufsrecht verliert.<\/b><\/p>\n<p class=\"p1\"><b>Das Widerrufsrecht erlischt bei einem Vertrag zur Erbringung von Dienstleistungen auch dann, wenn der Unternehmer die Dienstleistung vollst\u00e4ndig erbracht hat und mit der Ausf\u00fchrung der Dienstleistung erst begonnen hat, nachdem der Verbraucher dazu seine ausdr\u00fcckliche Zustimmung gegeben hat und gleichzeitig seine Kenntnis davon best\u00e4tigt hat, dass er sein Widerrufsrecht bei vollst\u00e4ndiger Vertragserf\u00fcllung durch den Unternehmer verliert. Bei einem au\u00dferhalb von Gesch\u00e4ftsr\u00e4umen geschlossenen Vertrag muss die Zustimmung des Verbrauchers auf einem dauerhaften Datentr\u00e4ger \u00fcbermittelt werden.<\/b><\/p>\n\t\t\t\t\t\t\t\t<\/div>\n\t\t\t\t<\/div>\n\t\t\t\t<div class=\"elementor-element elementor-element-4fb77f2 exad-sticky-section-no exad-glass-effect-no elementor-widget elementor-widget-text-editor\" data-id=\"4fb77f2\" data-element_type=\"widget\" data-e-type=\"widget\" data-widget_type=\"text-editor.default\">\n\t\t\t\t<div class=\"elementor-widget-container\">\n\t\t\t\t\t\t\t\t\t<p class=\"p1\">3) \u00dcber das Muster-Widerrufsformular informiert der Anbieter nach der gesetzlichen Regelung wie folgt:<\/p>\n\t\t\t\t\t\t\t\t<\/div>\n\t\t\t\t<\/div>\n\t\t\t\t<div class=\"elementor-element elementor-element-208e923 exad-sticky-section-no exad-glass-effect-no elementor-widget elementor-widget-heading\" data-id=\"208e923\" data-element_type=\"widget\" data-e-type=\"widget\" data-widget_type=\"heading.default\">\n\t\t\t\t<div class=\"elementor-widget-container\">\n\t\t\t\t\t<h3 class=\"elementor-heading-title elementor-size-default\">Muster-Widerrufsformular<\/h3>\t\t\t\t<\/div>\n\t\t\t\t<\/div>\n\t\t\t\t<div class=\"elementor-element elementor-element-7cd11c7 exad-sticky-section-no exad-glass-effect-no elementor-widget elementor-widget-text-editor\" data-id=\"7cd11c7\" data-element_type=\"widget\" data-e-type=\"widget\" data-widget_type=\"text-editor.default\">\n\t\t\t\t<div class=\"elementor-widget-container\">\n\t\t\t\t\t\t\t\t\t<p class=\"p1\">(Wenn Sie den Vertrag widerrufen wollen, dann f\u00fcllen Sie bitte dieses Formular<\/p>\r\n<p class=\"p1\">aus und senden Sie es zur\u00fcck.)<\/p>\r\n<p class=\"p3\">\u2014 An:<\/p>\r\n<p class=\"p1\">Trade Uni GmbH<\/p>\r\n<p class=\"p1\">Lusenstr. 6<\/p>\r\n<p class=\"p1\">94491 Hengersberg<\/p>\r\n<p class=\"p1\">Oder per E-Mail: <a href=\"mailto:info@trade-uni.com\"><span class=\"s1\">info@trade-uni.com<\/span><\/a><span class=\"Apple-converted-space\">\u00a0<\/span><\/p>\r\n<p class=\"p3\">\u2014 Hiermit widerrufe(n) ich\/wir (*) den von mir\/uns (*) abgeschlossenen Vertrag<\/p>\r\n<p class=\"p3\">\u00fcber den Kauf folgender Dienstleistungen (*)\/<\/p>\r\n<p class=\"p3\">\u2014 Bestellt am (*)\/erhalten am (*)<\/p>\r\n<p class=\"p3\">\u2014 Name des\/der Verbraucher(s)<\/p>\r\n<p class=\"p3\">\u2014 Anschrift des\/der Verbraucher(s)<\/p>\r\n<p class=\"p3\">\u2014 Unterschrift des\/der Verbraucher(s) (nur bei Mitteilung auf Papier)<\/p>\r\n<p class=\"p3\">\u2014 Datum<\/p>\r\n<p class=\"p3\">(*) Unzutreffendes bitte streichen<\/p>\r\n<p class=\"p1\">Der Widerruf kann auch telefonisch erkl\u00e4rt werden:<\/p>\r\n<p class=\"p1\">Tel.: +49 (0) 32 221 853 112<\/p>\t\t\t\t\t\t\t\t<\/div>\n\t\t\t\t<\/div>\n\t\t\t\t<div class=\"elementor-element elementor-element-f8077f7 exad-sticky-section-no exad-glass-effect-no elementor-widget elementor-widget-heading\" data-id=\"f8077f7\" data-element_type=\"widget\" data-e-type=\"widget\" data-widget_type=\"heading.default\">\n\t\t\t\t<div class=\"elementor-widget-container\">\n\t\t\t\t\t<h3 class=\"elementor-heading-title elementor-size-default\">Ende der Widerrufsbelehrung.<\/h3>\t\t\t\t<\/div>\n\t\t\t\t<\/div>\n\t\t\t\t\t<\/div>\n\t\t<\/div>\n\t\t\t\t<div class=\"elementor-column elementor-col-50 elementor-inner-column elementor-element elementor-element-8f63f7d exad-glass-effect-no\" data-id=\"8f63f7d\" data-element_type=\"column\" data-e-type=\"column\">\n\t\t\t<div class=\"elementor-widget-wrap elementor-element-populated\">\n\t\t\t\t\t\t<section class=\"elementor-section elementor-inner-section elementor-element elementor-element-3b0a645 elementor-section-boxed elementor-section-height-default elementor-section-height-default exad-glass-effect-no exad-sticky-section-no\" data-id=\"3b0a645\" data-element_type=\"section\" data-e-type=\"section\" data-settings=\"{&quot;sticky&quot;:&quot;top&quot;,&quot;sticky_on&quot;:[&quot;desktop&quot;],&quot;sticky_offset&quot;:120,&quot;sticky_parent&quot;:&quot;yes&quot;,&quot;sticky_effects_offset&quot;:0,&quot;sticky_anchor_link_offset&quot;:0}\">\n\t\t\t\t\t\t<div class=\"elementor-container elementor-column-gap-default\">\n\t\t\t\t\t<div class=\"elementor-column elementor-col-100 elementor-inner-column elementor-element elementor-element-cce74eb exad-glass-effect-no exad-sticky-section-no\" data-id=\"cce74eb\" data-element_type=\"column\" data-e-type=\"column\">\n\t\t\t<div class=\"elementor-widget-wrap elementor-element-populated\">\n\t\t\t\t\t\t<div class=\"elementor-element elementor-element-30848fe elementor-hidden-desktop elementor-widget-divider--view-line exad-sticky-section-no exad-glass-effect-no elementor-widget elementor-widget-divider\" data-id=\"30848fe\" data-element_type=\"widget\" data-e-type=\"widget\" data-widget_type=\"divider.default\">\n\t\t\t\t<div class=\"elementor-widget-container\">\n\t\t\t\t\t\t\t<div class=\"elementor-divider\">\n\t\t\t<span class=\"elementor-divider-separator\">\n\t\t\t\t\t\t<\/span>\n\t\t<\/div>\n\t\t\t\t\t\t<\/div>\n\t\t\t\t<\/div>\n\t\t\t\t<div class=\"elementor-element elementor-element-b56ad3a exad-sticky-section-no exad-glass-effect-no elementor-widget elementor-widget-image\" data-id=\"b56ad3a\" data-element_type=\"widget\" data-e-type=\"widget\" data-widget_type=\"image.default\">\n\t\t\t\t<div class=\"elementor-widget-container\">\n\t\t\t\t\t\t\t\t\t\t\t\t\t\t\t<img fetchpriority=\"high\" decoding=\"async\" width=\"800\" height=\"147\" src=\"https:\/\/trade-uni.com\/wp-content\/uploads\/2021\/09\/TU-Support-1024x188.png\" class=\"attachment-large size-large wp-image-7630\" alt=\"\" srcset=\"https:\/\/trade-uni.com\/wp-content\/uploads\/2021\/09\/TU-Support-1024x188.png 1024w, https:\/\/trade-uni.com\/wp-content\/uploads\/2021\/09\/TU-Support-300x55.png 300w, https:\/\/trade-uni.com\/wp-content\/uploads\/2021\/09\/TU-Support-768x141.png 768w, https:\/\/trade-uni.com\/wp-content\/uploads\/2021\/09\/TU-Support-1536x282.png 1536w, https:\/\/trade-uni.com\/wp-content\/uploads\/2021\/09\/TU-Support-2048x376.png 2048w\" sizes=\"(max-width: 800px) 100vw, 800px\" title=\"\">\t\t\t\t\t\t\t\t\t\t\t\t\t\t\t<\/div>\n\t\t\t\t<\/div>\n\t\t\t\t<div class=\"elementor-element elementor-element-722b971 exad-sticky-section-no exad-glass-effect-no elementor-widget elementor-widget-text-editor\" data-id=\"722b971\" data-element_type=\"widget\" data-e-type=\"widget\" data-widget_type=\"text-editor.default\">\n\t\t\t\t<div class=\"elementor-widget-container\">\n\t\t\t\t\t\t\t\t\t<p>Hast Du eine Frage an uns? Dann kannst Du sie hier stellen:<\/p>\n\t\t\t\t\t\t\t\t<\/div>\n\t\t\t\t<\/div>\n\t\t\t\t<div class=\"elementor-element elementor-element-15790e4 exad-sticky-section-no exad-glass-effect-no elementor-widget elementor-widget-button\" data-id=\"15790e4\" data-element_type=\"widget\" data-e-type=\"widget\" data-widget_type=\"button.default\">\n\t\t\t\t<div class=\"elementor-widget-container\">\n\t\t\t\t\t\t\t\t\t<div class=\"elementor-button-wrapper\">\n\t\t\t\t\t<a class=\"elementor-button elementor-button-link elementor-size-md\" href=\"https:\/\/trade-uni.com\/kontakt\/\" target=\"_blank\">\n\t\t\t\t\t\t<span class=\"elementor-button-content-wrapper\">\n\t\t\t\t\t\t<span class=\"elementor-button-icon\">\n\t\t\t\t<i aria-hidden=\"true\" class=\"teenyicon ti-headset\"><\/i>\t\t\t<\/span>\n\t\t\t\t\t\t\t\t\t<span class=\"elementor-button-text\">Support kontaktieren<\/span>\n\t\t\t\t\t<\/span>\n\t\t\t\t\t<\/a>\n\t\t\t\t<\/div>\n\t\t\t\t\t\t\t\t<\/div>\n\t\t\t\t<\/div>\n\t\t\t\t\t<\/div>\n\t\t<\/div>\n\t\t\t\t\t<\/div>\n\t\t<\/section>\n\t\t\t\t\t<\/div>\n\t\t<\/div>\n\t\t\t\t\t<\/div>\n\t\t<\/section>\n\t\t\t\t\t<\/div>\n\t\t<\/div>\n\t\t\t\t\t<\/div>\n\t\t<\/section>\n\t\t\t\t<\/div>\n\t\t","protected":false},"excerpt":{"rendered":"<p>Widerrufrecht (1) Verbraucher haben bei Abschluss eines Fernabsatzgesch\u00e4fts grunds\u00e4tzlich ein gesetzliches Widerrufsrecht, \u00fcber das der Anbieter nach Ma\u00dfgabe des gesetzlichen Musters nachfolgend informiert. Die Ausnahmen vom Widerrufsrecht sind in Absatz (2) geregelt. In Absatz (3) findet sich ein Muster-Widerrufsformular.\u00a0 Widerrufsbelehrung Widerrufsrecht Sie haben das Recht, binnen vierzehn Tagen ohne Angaben von Gr\u00fcnden diesen Vertrag zu [&hellip;]<\/p>\n","protected":false},"author":1,"featured_media":0,"parent":0,"menu_order":32,"comment_status":"closed","ping_status":"closed","template":"","meta":{"footnotes":""},"wf_page_folders":[],"class_list":["post-8122","page","type-page","status-publish","hentry"],"_links":{"self":[{"href":"https:\/\/trade-uni.com\/de\/wp-json\/wp\/v2\/pages\/8122","targetHints":{"allow":["GET"]}}],"collection":[{"href":"https:\/\/trade-uni.com\/de\/wp-json\/wp\/v2\/pages"}],"about":[{"href":"https:\/\/trade-uni.com\/de\/wp-json\/wp\/v2\/types\/page"}],"author":[{"embeddable":true,"href":"https:\/\/trade-uni.com\/de\/wp-json\/wp\/v2\/users\/1"}],"replies":[{"embeddable":true,"href":"https:\/\/trade-uni.com\/de\/wp-json\/wp\/v2\/comments?post=8122"}],"version-history":[{"count":1,"href":"https:\/\/trade-uni.com\/de\/wp-json\/wp\/v2\/pages\/8122\/revisions"}],"predecessor-version":[{"id":8123,"href":"https:\/\/trade-uni.com\/de\/wp-json\/wp\/v2\/pages\/8122\/revisions\/8123"}],"wp:attachment":[{"href":"https:\/\/trade-uni.com\/de\/wp-json\/wp\/v2\/media?parent=8122"}],"wp:term":[{"taxonomy":"wf_page_folders","embeddable":true,"href":"https:\/\/trade-uni.com\/de\/wp-json\/wp\/v2\/wf_page_folders?post=8122"}],"curies":[{"name":"wp","href":"https:\/\/api.w.org\/{rel}","templated":true}]}}